{"id":598,"date":"2023-09-26T16:59:27","date_gmt":"2023-09-26T16:59:27","guid":{"rendered":"https:\/\/spacemakers.pt\/remodelacoes-copy\/"},"modified":"2024-07-15T16:50:03","modified_gmt":"2024-07-15T16:50:03","slug":"architecture-interieure","status":"publish","type":"page","link":"https:\/\/www.spacemakers.pt\/fr\/arquitetura-de-interiores\/","title":{"rendered":"Architecture int\u00e9rieure"},"content":{"rendered":"\t\t<div data-elementor-type=\"wp-page\" data-elementor-id=\"598\" class=\"elementor elementor-598\" data-elementor-post-type=\"page\">\n\t\t\t\t\t\t<section data-particle_enable=\"false\" data-particle-mobile-disabled=\"false\" class=\"elementor-section elementor-top-section elementor-element elementor-element-05265f4 elementor-section-height-min-height elementor-section-boxed elementor-section-height-default elementor-section-items-middle\" data-id=\"05265f4\" data-element_type=\"section\" data-e-type=\"section\" data-settings=\"{&quot;background_background&quot;:&quot;slideshow&quot;,&quot;background_slideshow_gallery&quot;:[{&quot;id&quot;:4810,&quot;url&quot;:&quot;https:\\\/\\\/www.spacemakers.pt\\\/wp-content\\\/uploads\\\/2024\\\/07\\\/Frondoso-1-1-e1721061073176.png&quot;}],&quot;background_slideshow_slide_duration&quot;:5000,&quot;background_slideshow_slide_transition&quot;:&quot;fade&quot;,&quot;background_slideshow_transition_duration&quot;:500}\">\n\t\t\t\t\t\t<div class=\"elementor-container elementor-column-gap-default\">\n\t\t\t\t\t<div class=\"elementor-column elementor-col-100 elementor-top-column elementor-element elementor-element-504e290\" data-id=\"504e290\" data-element_type=\"column\" data-e-type=\"column\">\n\t\t\t<div class=\"elementor-widget-wrap\">\n\t\t\t\t\t\t\t<\/div>\n\t\t<\/div>\n\t\t\t\t\t<\/div>\n\t\t<\/section>\n\t\t\t\t<section data-particle_enable=\"false\" data-particle-mobile-disabled=\"false\" class=\"elementor-section elementor-top-section elementor-element elementor-element-27b93aa elementor-section-content-middle elementor-section-boxed elementor-section-height-default elementor-section-height-default\" data-id=\"27b93aa\" data-element_type=\"section\" data-e-type=\"section\">\n\t\t\t\t\t\t<div class=\"elementor-container elementor-column-gap-no\">\n\t\t\t\t\t<div class=\"elementor-column elementor-col-50 elementor-top-column elementor-element elementor-element-11a4500\" data-id=\"11a4500\" data-element_type=\"column\" data-e-type=\"column\">\n\t\t\t<div class=\"elementor-widget-wrap elementor-element-populated\">\n\t\t\t\t\t\t<div class=\"elementor-element elementor-element-b713cb0 elementor-widget elementor-widget-heading\" data-id=\"b713cb0\" data-element_type=\"widget\" data-e-type=\"widget\" data-widget_type=\"heading.default\">\n\t\t\t\t<div class=\"elementor-widget-container\">\n\t\t\t\t\t<h1 class=\"elementor-heading-title elementor-size-default\">Arquitetura de Interiores<\/h1>\t\t\t\t<\/div>\n\t\t\t\t<\/div>\n\t\t\t\t<div class=\"elementor-element elementor-element-796373b elementor-widget-mobile__width-initial elementor-widget elementor-widget-heading\" data-id=\"796373b\" data-element_type=\"widget\" data-e-type=\"widget\" data-widget_type=\"heading.default\">\n\t\t\t\t<div class=\"elementor-widget-container\">\n\t\t\t\t\t<p class=\"elementor-heading-title elementor-size-default\">A arquitetura de interiores \u00e9 uma especialidade essencial a todos os projetos sejam eles de constru\u00e7\u00e3o nova, de reabilita\u00e7\u00e3o, ou at\u00e9 mesmo de design de interiores.\n<br>\n<br>\nNeste sentido, a grande vantagem da Spacemakers \u00e9, precisamente, ter como base de atua\u00e7\u00e3o a arquitetura e a experi\u00eancia da arquitetura de interiores quer enquanto projeto em si quer como apoio ao design de interiores. \n\n<\/p>\t\t\t\t<\/div>\n\t\t\t\t<\/div>\n\t\t\t\t<div class=\"elementor-element elementor-element-d1b223e elementor-align-left elementor-invisible elementor-widget elementor-widget-button\" data-id=\"d1b223e\" data-element_type=\"widget\" data-e-type=\"widget\" data-settings=\"{&quot;_animation&quot;:&quot;fadeInDown&quot;}\" data-widget_type=\"button.default\">\n\t\t\t\t<div class=\"elementor-widget-container\">\n\t\t\t\t\t\t\t\t\t<div class=\"elementor-button-wrapper\">\n\t\t\t\t\t<a class=\"elementor-button elementor-button-link elementor-size-sm\" href=\"#elementor-action%3Aaction%3Dpopup%3Aopen%26settings%3DeyJpZCI6IjE3NDgiLCJ0b2dnbGUiOmZhbHNlfQ%3D%3D\">\n\t\t\t\t\t\t<span class=\"elementor-button-content-wrapper\">\n\t\t\t\t\t\t\t\t\t<span class=\"elementor-button-text\">Saber Mais<\/span>\n\t\t\t\t\t<\/span>\n\t\t\t\t\t<\/a>\n\t\t\t\t<\/div>\n\t\t\t\t\t\t\t\t<\/div>\n\t\t\t\t<\/div>\n\t\t\t\t\t<\/div>\n\t\t<\/div>\n\t\t\t\t<div class=\"elementor-column elementor-col-50 elementor-top-column elementor-element elementor-element-7cb2c63 elementor-hidden-mobile\" data-id=\"7cb2c63\" data-element_type=\"column\" data-e-type=\"column\">\n\t\t\t<div class=\"elementor-widget-wrap elementor-element-populated\">\n\t\t\t\t\t\t<div class=\"elementor-element elementor-element-be9e7a2 elementor-widget elementor-widget-heading\" data-id=\"be9e7a2\" data-element_type=\"widget\" data-e-type=\"widget\" data-widget_type=\"heading.default\">\n\t\t\t\t<div class=\"elementor-widget-container\">\n\t\t\t\t\t<p class=\"elementor-heading-title elementor-size-default\">Um edif\u00edcio residencial, um escrit\u00f3rio, uma loja, um restaurante s\u00e3o alguns dos espa\u00e7os em que a arquitetura de interiores se torna priorit\u00e1ria e quase que existe por si pr\u00f3pria.\n<\/p>\t\t\t\t<\/div>\n\t\t\t\t<\/div>\n\t\t\t\t<div class=\"elementor-element elementor-element-52e9e72 elementor-hidden-mobile elementor-widget elementor-widget-heading\" data-id=\"52e9e72\" data-element_type=\"widget\" data-e-type=\"widget\" data-widget_type=\"heading.default\">\n\t\t\t\t<div class=\"elementor-widget-container\">\n\t\t\t\t\t<p class=\"elementor-heading-title elementor-size-default\">A arquitetura de interiores  e o  design de interiores est\u00e3o muitas vezes t\u00e3o interligados que, pouca ou nenhuma diferencia\u00e7\u00e3o se faz entre eles. Assim como pode n\u00e3o haver separa\u00e7\u00e3o entre o trabalho de arquitetura e de arquitetura de interiores.<br>\n<br>\n\nNo entanto, \u00e9 no \u00e2mbito da arquitetura de interiores que se define o plano de pormenor da obra ou do projeto em causa. Ela d\u00e1 origem ao que, tecnicamente, se chama projeto de execu\u00e7\u00e3o que, em geral, vem delimitar e preencher o interior do espa\u00e7o delineado pela arquitetura, tendo j\u00e1 em vista a especificidade da sua viv\u00eancia  e a est\u00e9tica global.\n<\/p>\t\t\t\t<\/div>\n\t\t\t\t<\/div>\n\t\t\t\t\t<\/div>\n\t\t<\/div>\n\t\t\t\t\t<\/div>\n\t\t<\/section>\n\t\t\t\t\t<script>\n\t\t\t\t(function($) {\n                    \"use strict\";\n\n                    var target = $('.elementor-element-27b93aa');\n                    target.addClass('e-lazyloaded');\n\n                    \n                    var EaelParallaxElement = {\n\n\t\t\t\t\t\tinit: function() {\n\t\t\t\t\t\t\telementorFrontend.hooks.addAction('frontend\/element_ready\/global', EaelParallaxElement.initWidget);\n\t\t\t\t\t\t},\n                        responsiveParallax: function(){\n                            var android = 1,\n                                ios = 1;\n                            switch( true || 1 ){\n                                case android && ios:\n                                    return \/iPad|iPhone|iPod|Android\/;\n                                    break;\n                                case android && ! ios:\n                                    return \/Android\/;\n                                    break;\n                                case ! android && ios:\n                                    return \/iPad|iPhone|iPod\/;\n                                    break;\n                                case ( ! android && ! ios ):\n                                    return null;\n                            }\n                        },\n\t\t\t\t\t\tinitWidget: function( $scope ) {\n\n\t\t\t\t\t\t\ttarget.jarallax({\n\t\t\t\t\t\t\t\ttype: 'scroll-opacity',\n\t\t\t\t\t\t\t\tspeed: 1.3,\n\t\t\t\t\t\t\t\tkeepImg: true,\n                                disableParallax: EaelParallaxElement.responsiveParallax(),\n\t\t\t\t\t\t\t});\n\t\t\t\t\t\t}\n\n\t\t\t\t\t};\n\n\t\t\t\t\t$( window ).on('elementor\/frontend\/init', EaelParallaxElement.init);\n\n                    \t\t\t\t}( jQuery ) );\n\t\t\t<\/script>\n\t\t\t\t<section data-particle_enable=\"false\" data-particle-mobile-disabled=\"false\" class=\"elementor-section elementor-top-section elementor-element elementor-element-ccdbfc9 elementor-section-boxed elementor-section-height-default elementor-section-height-default\" data-id=\"ccdbfc9\" data-element_type=\"section\" data-e-type=\"section\" data-settings=\"{&quot;background_background&quot;:&quot;classic&quot;}\">\n\t\t\t\t\t\t<div class=\"elementor-container elementor-column-gap-default\">\n\t\t\t\t\t<div class=\"elementor-column elementor-col-50 elementor-top-column elementor-element elementor-element-4d97685\" data-id=\"4d97685\" data-element_type=\"column\" data-e-type=\"column\">\n\t\t\t<div class=\"elementor-widget-wrap elementor-element-populated\">\n\t\t\t\t\t\t<div class=\"elementor-element elementor-element-69b83d3 elementor-widget__width-initial elementor-widget elementor-widget-heading\" data-id=\"69b83d3\" data-element_type=\"widget\" data-e-type=\"widget\" data-widget_type=\"heading.default\">\n\t\t\t\t<div class=\"elementor-widget-container\">\n\t\t\t\t\t<p class=\"elementor-heading-title elementor-size-default\">Fazemos design e arquitetura de interiores tanto para projetos residenciais como comerciais. Fale com a nossa equipa de especialistas.<\/p>\t\t\t\t<\/div>\n\t\t\t\t<\/div>\n\t\t\t\t\t<\/div>\n\t\t<\/div>\n\t\t\t\t<div class=\"elementor-column elementor-col-50 elementor-top-column elementor-element elementor-element-2dee590\" data-id=\"2dee590\" data-element_type=\"column\" data-e-type=\"column\">\n\t\t\t<div class=\"elementor-widget-wrap elementor-element-populated\">\n\t\t\t\t\t\t<div class=\"elementor-element elementor-element-35fd56e elementor-align-center elementor-mobile-align-center elementor-invisible elementor-widget elementor-widget-button\" data-id=\"35fd56e\" data-element_type=\"widget\" data-e-type=\"widget\" data-settings=\"{&quot;_animation&quot;:&quot;fadeInDown&quot;}\" data-widget_type=\"button.default\">\n\t\t\t\t<div class=\"elementor-widget-container\">\n\t\t\t\t\t\t\t\t\t<div class=\"elementor-button-wrapper\">\n\t\t\t\t\t<a class=\"elementor-button elementor-button-link elementor-size-sm\" href=\"#elementor-action%3Aaction%3Dpopup%3Aopen%26settings%3DeyJpZCI6IjE3NDgiLCJ0b2dnbGUiOmZhbHNlfQ%3D%3D\">\n\t\t\t\t\t\t<span class=\"elementor-button-content-wrapper\">\n\t\t\t\t\t\t\t\t\t<span class=\"elementor-button-text\">Entrar em Contacto<\/span>\n\t\t\t\t\t<\/span>\n\t\t\t\t\t<\/a>\n\t\t\t\t<\/div>\n\t\t\t\t\t\t\t\t<\/div>\n\t\t\t\t<\/div>\n\t\t\t\t\t<\/div>\n\t\t<\/div>\n\t\t\t\t\t<\/div>\n\t\t<\/section>\n\t\t\t\t<section data-particle_enable=\"false\" data-particle-mobile-disabled=\"false\" class=\"elementor-section elementor-top-section elementor-element elementor-element-76430e6 elementor-section-boxed elementor-section-height-default elementor-section-height-default\" data-id=\"76430e6\" data-element_type=\"section\" data-e-type=\"section\" data-settings=\"{&quot;background_background&quot;:&quot;classic&quot;}\">\n\t\t\t\t\t\t<div class=\"elementor-container elementor-column-gap-no\">\n\t\t\t\t\t<div class=\"elementor-column elementor-col-100 elementor-top-column elementor-element elementor-element-c678c98\" data-id=\"c678c98\" data-element_type=\"column\" data-e-type=\"column\">\n\t\t\t<div class=\"elementor-widget-wrap elementor-element-populated\">\n\t\t\t\t\t\t<div class=\"elementor-element elementor-element-f816ca9 elementor-widget elementor-widget-heading\" data-id=\"f816ca9\" data-element_type=\"widget\" data-e-type=\"widget\" data-widget_type=\"heading.default\">\n\t\t\t\t<div class=\"elementor-widget-container\">\n\t\t\t\t\t<h2 class=\"elementor-heading-title elementor-size-default\">\u00c1reas de Atua\u00e7\u00e3o<\/h2>\t\t\t\t<\/div>\n\t\t\t\t<\/div>\n\t\t\t\t<div class=\"elementor-element elementor-element-1736ee5 elementor-widget elementor-widget-heading\" data-id=\"1736ee5\" data-element_type=\"widget\" data-e-type=\"widget\" data-widget_type=\"heading.default\">\n\t\t\t\t<div class=\"elementor-widget-container\">\n\t\t\t\t\t<p class=\"elementor-heading-title elementor-size-default\">Em cada uma delas, aplicamos nossa experi\u00eancia e paix\u00e3o para oferecer solu\u00e7\u00f5es excecionais.<\/p>\t\t\t\t<\/div>\n\t\t\t\t<\/div>\n\t\t\t\t<section data-particle_enable=\"false\" data-particle-mobile-disabled=\"false\" class=\"elementor-section elementor-inner-section elementor-element elementor-element-c8387c4 elementor-section-boxed elementor-section-height-default elementor-section-height-default\" data-id=\"c8387c4\" data-element_type=\"section\" data-e-type=\"section\">\n\t\t\t\t\t\t<div class=\"elementor-container elementor-column-gap-custom\">\n\t\t\t\t\t<div class=\"elementor-column elementor-col-33 elementor-inner-column elementor-element elementor-element-587b850\" data-id=\"587b850\" data-element_type=\"column\" data-e-type=\"column\">\n\t\t\t<div class=\"elementor-widget-wrap elementor-element-populated\">\n\t\t\t\t\t\t<div class=\"elementor-element elementor-element-47af8ba elementor-position-top elementor-widget elementor-widget-image-box\" data-id=\"47af8ba\" data-element_type=\"widget\" data-e-type=\"widget\" data-widget_type=\"image-box.default\">\n\t\t\t\t<div class=\"elementor-widget-container\">\n\t\t\t\t\t<div class=\"elementor-image-box-wrapper\"><figure class=\"elementor-image-box-img\"><a href=\"https:\/\/www.spacemakers.pt\/design-de-interiores\/\" tabindex=\"-1\"><img fetchpriority=\"high\" decoding=\"async\" width=\"768\" height=\"511\" src=\"https:\/\/www.spacemakers.pt\/wp-content\/uploads\/2023\/10\/LSC9490-768x511.jpg\" class=\"elementor-animation-grow attachment-medium_large size-medium_large wp-image-1159\" alt=\"Atrav\u00e9s da decora\u00e7\u00e3o de hot\u00e9is criamos salas confort\u00e1veis e funcionais para conviver ou descansar.\" srcset=\"https:\/\/www.spacemakers.pt\/wp-content\/uploads\/2023\/10\/LSC9490-768x511.jpg 768w, https:\/\/www.spacemakers.pt\/wp-content\/uploads\/2023\/10\/LSC9490-300x200.jpg 300w, https:\/\/www.spacemakers.pt\/wp-content\/uploads\/2023\/10\/LSC9490-1024x681.jpg 1024w, https:\/\/www.spacemakers.pt\/wp-content\/uploads\/2023\/10\/LSC9490-1536x1022.jpg 1536w, https:\/\/www.spacemakers.pt\/wp-content\/uploads\/2023\/10\/LSC9490-2048x1363.jpg 2048w\" sizes=\"(max-width: 768px) 100vw, 768px\" \/><\/a><\/figure><div class=\"elementor-image-box-content\"><h3 class=\"elementor-image-box-title\"><a href=\"https:\/\/www.spacemakers.pt\/design-de-interiores\/\">Design de Interiores<\/a><\/h3><p class=\"elementor-image-box-description\">Atrav\u00e9s do design de interiores a nossa primeira miss\u00e3o ser\u00e1 tornar os espa\u00e7os habit\u00e1veis, de forma confort\u00e1vel e harmoniosa. Tornando a vida e o mundo melhores.<br><br>\n\nO design de interiores est\u00e1 relacionado com um saber e uma arte em que a dimens\u00e3o est\u00e9tica \u00e9 t\u00e3o importante como a funcionalidade.\n<\/p><\/div><\/div>\t\t\t\t<\/div>\n\t\t\t\t<\/div>\n\t\t\t\t\t<\/div>\n\t\t<\/div>\n\t\t\t\t<div class=\"elementor-column elementor-col-33 elementor-inner-column elementor-element elementor-element-6c93a4e\" data-id=\"6c93a4e\" data-element_type=\"column\" data-e-type=\"column\">\n\t\t\t<div class=\"elementor-widget-wrap elementor-element-populated\">\n\t\t\t\t\t\t<div class=\"elementor-element elementor-element-3cfca22 elementor-position-top elementor-widget elementor-widget-image-box\" data-id=\"3cfca22\" data-element_type=\"widget\" data-e-type=\"widget\" data-widget_type=\"image-box.default\">\n\t\t\t\t<div class=\"elementor-widget-container\">\n\t\t\t\t\t<div class=\"elementor-image-box-wrapper\"><figure class=\"elementor-image-box-img\"><a href=\"https:\/\/www.spacemakers.pt\/projeto-de-arquitetura\" tabindex=\"-1\"><img decoding=\"async\" width=\"768\" height=\"513\" src=\"https:\/\/www.spacemakers.pt\/wp-content\/uploads\/2023\/10\/Cidade-do-Futebol_039-1024x684-1-768x513.jpeg\" class=\"elementor-animation-grow attachment-medium_large size-medium_large wp-image-1245\" alt=\"Ao acompanharmos todas as fases do projeto de arquitetura criamos espa\u00e7os de restaurante funcionais, modernos e confort\u00e1veis.\" srcset=\"https:\/\/www.spacemakers.pt\/wp-content\/uploads\/2023\/10\/Cidade-do-Futebol_039-1024x684-1-768x513.jpeg 768w, https:\/\/www.spacemakers.pt\/wp-content\/uploads\/2023\/10\/Cidade-do-Futebol_039-1024x684-1-300x200.jpeg 300w, https:\/\/www.spacemakers.pt\/wp-content\/uploads\/2023\/10\/Cidade-do-Futebol_039-1024x684-1.jpeg 1024w\" sizes=\"(max-width: 768px) 100vw, 768px\" \/><\/a><\/figure><div class=\"elementor-image-box-content\"><h3 class=\"elementor-image-box-title\"><a href=\"https:\/\/www.spacemakers.pt\/projeto-de-arquitetura\">Projeto de Arquitetura<\/a><\/h3><p class=\"elementor-image-box-description\">Nesta \u00e1rea consider\u00e1mos que era importante descriminar todas as fases porque passa um projeto de arquitetura  para estarmos em sintonia e porque h\u00e1 muitos momentos que est\u00e3o fora do nosso controle, uma vez que  t\u00eam a ver com as inst\u00e2ncias administrativas.\n<br>\n<br>\nA nossa experi\u00eancia ir\u00e1 estar em relevo porque iremos acompanhar todo o processo ajudando a ultrapassar e a resolver todos as exig\u00eancias legais.\n<\/p><\/div><\/div>\t\t\t\t<\/div>\n\t\t\t\t<\/div>\n\t\t\t\t\t<\/div>\n\t\t<\/div>\n\t\t\t\t<div class=\"elementor-column elementor-col-33 elementor-inner-column elementor-element elementor-element-915dfb8\" data-id=\"915dfb8\" data-element_type=\"column\" data-e-type=\"column\">\n\t\t\t<div class=\"elementor-widget-wrap elementor-element-populated\">\n\t\t\t\t\t\t<div class=\"elementor-element elementor-element-57826bf elementor-position-top elementor-widget elementor-widget-image-box\" data-id=\"57826bf\" data-element_type=\"widget\" data-e-type=\"widget\" data-widget_type=\"image-box.default\">\n\t\t\t\t<div class=\"elementor-widget-container\">\n\t\t\t\t\t<div class=\"elementor-image-box-wrapper\"><figure class=\"elementor-image-box-img\"><a href=\"https:\/\/www.spacemakers.pt\/projeto-moradia\/\" tabindex=\"-1\"><img decoding=\"async\" width=\"768\" height=\"511\" src=\"https:\/\/www.spacemakers.pt\/wp-content\/uploads\/2023\/12\/L\u00b4And-Vineyards-Villa_LSC9602_II-scaled-min-768x511.jpg\" class=\"elementor-animation-grow attachment-medium_large size-medium_large wp-image-3535\" alt=\"Casa com um design \u00fanico e inspirador.\" srcset=\"https:\/\/www.spacemakers.pt\/wp-content\/uploads\/2023\/12\/L\u00b4And-Vineyards-Villa_LSC9602_II-scaled-min-768x511.jpg 768w, https:\/\/www.spacemakers.pt\/wp-content\/uploads\/2023\/12\/L\u00b4And-Vineyards-Villa_LSC9602_II-scaled-min-300x200.jpg 300w, https:\/\/www.spacemakers.pt\/wp-content\/uploads\/2023\/12\/L\u00b4And-Vineyards-Villa_LSC9602_II-scaled-min-1024x681.jpg 1024w, https:\/\/www.spacemakers.pt\/wp-content\/uploads\/2023\/12\/L\u00b4And-Vineyards-Villa_LSC9602_II-scaled-min-1536x1022.jpg 1536w, https:\/\/www.spacemakers.pt\/wp-content\/uploads\/2023\/12\/L\u00b4And-Vineyards-Villa_LSC9602_II-scaled-min-2048x1362.jpg 2048w, https:\/\/www.spacemakers.pt\/wp-content\/uploads\/2023\/12\/L\u00b4And-Vineyards-Villa_LSC9602_II-scaled-min-18x12.jpg 18w\" sizes=\"(max-width: 768px) 100vw, 768px\" \/><\/a><\/figure><div class=\"elementor-image-box-content\"><h3 class=\"elementor-image-box-title\"><a href=\"https:\/\/www.spacemakers.pt\/projeto-moradia\/\">Projeto de Moradia<\/a><\/h3><p class=\"elementor-image-box-description\">O terreno j\u00e1 \u00e9 seu. Finalmente vai poder construir.  E aqui entramos n\u00f3s e muitas conversas. Para conhecer em profundidade tudo aquilo que foi sonhado, admirado, desejado. \nQuer queira a obra completa chave na m\u00e3o quer pretenda s\u00f3 o projeto de arquitetura e o design de interiores, estamos habituados a trabalhar \u00e0 medida das exig\u00eancias e da disponibilidade demonstradas.\n <br>\n<br>\nExistimos para criar e acompanhar o sonho at\u00e9 \u00e0 sua realiza\u00e7\u00e3o.<\/p><\/div><\/div>\t\t\t\t<\/div>\n\t\t\t\t<\/div>\n\t\t\t\t\t<\/div>\n\t\t<\/div>\n\t\t\t\t\t<\/div>\n\t\t<\/section>\n\t\t\t\t\t<\/div>\n\t\t<\/div>\n\t\t\t\t\t<\/div>\n\t\t<\/section>\n\t\t\t\t<\/div>\n\t\t","protected":false},"excerpt":{"rendered":"<p>Arquitetura de Interiores A arquitetura de interiores \u00e9 uma especialidade essencial a todos os projetos sejam eles de constru\u00e7\u00e3o nova, de reabilita\u00e7\u00e3o, ou at\u00e9 mesmo de design de interiores. Neste sentido, a grande vantagem da Spacemakers \u00e9, precisamente, ter como base de atua\u00e7\u00e3o a arquitetura e a experi\u00eancia da arquitetura de interiores quer enquanto projeto [&hellip;]<\/p>\n","protected":false},"author":1,"featured_media":0,"parent":0,"menu_order":0,"comment_status":"closed","ping_status":"closed","template":"","meta":{"footnotes":""},"class_list":["post-598","page","type-page","status-publish","hentry"],"_links":{"self":[{"href":"https:\/\/www.spacemakers.pt\/fr\/wp-json\/wp\/v2\/pages\/598","targetHints":{"allow":["GET"]}}],"collection":[{"href":"https:\/\/www.spacemakers.pt\/fr\/wp-json\/wp\/v2\/pages"}],"about":[{"href":"https:\/\/www.spacemakers.pt\/fr\/wp-json\/wp\/v2\/types\/page"}],"author":[{"embeddable":true,"href":"https:\/\/www.spacemakers.pt\/fr\/wp-json\/wp\/v2\/users\/1"}],"replies":[{"embeddable":true,"href":"https:\/\/www.spacemakers.pt\/fr\/wp-json\/wp\/v2\/comments?post=598"}],"version-history":[{"count":5,"href":"https:\/\/www.spacemakers.pt\/fr\/wp-json\/wp\/v2\/pages\/598\/revisions"}],"predecessor-version":[{"id":4843,"href":"https:\/\/www.spacemakers.pt\/fr\/wp-json\/wp\/v2\/pages\/598\/revisions\/4843"}],"wp:attachment":[{"href":"https:\/\/www.spacemakers.pt\/fr\/wp-json\/wp\/v2\/media?parent=598"}],"curies":[{"name":"wp","href":"https:\/\/api.w.org\/{rel}","templated":true}]}}