{"id":5014,"date":"2025-06-06T09:48:27","date_gmt":"2025-06-06T09:48:27","guid":{"rendered":"https:\/\/www.spacemakers.pt\/?page_id=5014"},"modified":"2025-06-06T09:52:54","modified_gmt":"2025-06-06T09:52:54","slug":"politique-de-confidentialite","status":"publish","type":"page","link":"https:\/\/www.spacemakers.pt\/fr\/politica-privacidade\/","title":{"rendered":"Politique de confidentialit\u00e9"},"content":{"rendered":"<div data-elementor-type=\"wp-page\" data-elementor-id=\"5014\" class=\"elementor elementor-5014\" data-elementor-post-type=\"page\">\n\t\t\t\t<div data-particle_enable=\"false\" data-particle-mobile-disabled=\"false\" class=\"elementor-element elementor-element-ca4b7d7 e-flex e-con-boxed e-con e-parent\" data-id=\"ca4b7d7\" data-element_type=\"container\" data-e-type=\"container\">\n\t\t\t\t\t<div class=\"e-con-inner\">\n\t\t\t\t<div class=\"elementor-element elementor-element-aa0ed0a elementor-widget elementor-widget-text-editor\" data-id=\"aa0ed0a\" data-element_type=\"widget\" data-e-type=\"widget\" data-widget_type=\"text-editor.default\">\n\t\t\t\t<div class=\"elementor-widget-container\">\n\t\t\t\t\t\t\t\t\t<p>Votre vie priv\u00e9e est importante pour nous. La politique de spacemakers.co.uk est de respecter votre vie priv\u00e9e en ce qui concerne les informations que nous pouvons collecter sur notre site web, spacemakers.co.uk, et d'autres sites que nous poss\u00e9dons et exploitons.<\/p>\n<p>Nous ne demandons des informations personnelles que lorsque nous en avons r\u00e9ellement besoin pour vous fournir un service. Nous le faisons par des moyens justes et l\u00e9gaux, en vous informant et en obtenant votre consentement. Nous vous expliquons \u00e9galement pourquoi nous recueillons ces informations et comment elles seront utilis\u00e9es.<\/p>\n<p>Nous ne conservons les informations collect\u00e9es que le temps n\u00e9cessaire pour fournir le service demand\u00e9. Lorsque nous stockons des donn\u00e9es, nous les prot\u00e9geons par des moyens commercialement acceptables afin d'\u00e9viter la perte et le vol, ainsi que l'acc\u00e8s, la divulgation, la copie, l'utilisation ou la modification non autoris\u00e9s.<\/p>\n<p>Nous ne partageons pas les informations personnelles identifiables avec le public ou des tiers, sauf si la loi l'exige.<\/p>\n<p>Notre site web peut contenir des liens vers des sites web externes qui ne sont pas exploit\u00e9s par nous. Veuillez noter que nous n'avons aucun contr\u00f4le sur le contenu et les pratiques de ces sites et que nous ne pouvons \u00eatre tenus responsables de leurs politiques respectives en mati\u00e8re de protection de la vie priv\u00e9e.<\/p>\n<p>Vous \u00eates libre de refuser notre demande d'informations personnelles, \u00e9tant entendu que nous pourrions ne pas \u00eatre en mesure de vous fournir certains des services dont vous avez besoin.<\/p>\n<p>En continuant \u00e0 utiliser notre site web, vous acceptez nos pratiques en mati\u00e8re de protection de la vie priv\u00e9e et des informations personnelles. Si vous avez des questions sur la mani\u00e8re dont nous traitons les donn\u00e9es des utilisateurs et les informations personnelles, veuillez nous contacter.<\/p>\n<ul>\n<li>Le service Google AdSense que nous utilisons pour diffuser de la publicit\u00e9 utilise un cookie DoubleClick pour diffuser des annonces plus pertinentes sur le web et limiter le nombre de fois qu'une annonce particuli\u00e8re vous est montr\u00e9e.<\/li>\n<li>Pour plus d'informations sur Google AdSense, consultez les FAQ officielles sur la confidentialit\u00e9 de Google AdSense.<\/li>\n<li>Nous utilisons les publicit\u00e9s pour compenser les co\u00fbts de fonctionnement de ce site et pour financer les d\u00e9veloppements futurs. Les cookies de publicit\u00e9 comportementale utilis\u00e9s par ce site sont con\u00e7us pour s'assurer que vous recevez les publicit\u00e9s les plus pertinentes possible en suivant de mani\u00e8re anonyme vos centres d'int\u00e9r\u00eat et en vous pr\u00e9sentant des choses similaires susceptibles de vous int\u00e9resser.<\/li>\n<li>Divers partenaires font de la publicit\u00e9 en notre nom et les cookies de suivi des affili\u00e9s nous permettent simplement de voir si nos clients ont acc\u00e9d\u00e9 au site via l'un des sites de nos partenaires, afin que nous puissions les cr\u00e9diter de mani\u00e8re appropri\u00e9e et, le cas \u00e9ch\u00e9ant, permettre \u00e0 nos partenaires affili\u00e9s de proposer des promotions qui pourraient vous donner l'occasion d'effectuer un achat.<\/li>\n<\/ul>\n<p><span style=\"font-size: 1rem;\"><br><b>Engagement de l'utilisateur<\/b><\/span><\/p>\n<p>L'utilisateur s'engage \u00e0 faire un usage appropri\u00e9 des contenus et informations propos\u00e9s par spacemakers.co.uk sur le site, et ce \u00e0 titre d'exemple mais non limitatif :<\/p>\n<ul>\n<li>A) Ne pas s'engager dans des activit\u00e9s ill\u00e9gales ou contraires \u00e0 la bonne foi ou \u00e0 l'ordre public ;<\/li>\n<li>B) Ne pas diffuser de propagande ou de contenu \u00e0 caract\u00e8re raciste, x\u00e9nophobe, de jeux de hasard ou d'argent, de tout type de pornographie ill\u00e9gale, d'apologie du terrorisme ou des droits de l'homme ;<\/li>\n<li>C) Ne pas causer de dommages aux syst\u00e8mes physiques (hardware) et logiques (software) de spacemakers.co.uk, de ses fournisseurs ou de tiers, introduire ou diffuser des virus informatiques ou tout autre syst\u00e8me hardware ou software capable de causer les dommages susmentionn\u00e9s.<\/li>\n<\/ul>\n<p><br><b>Plus d'informations<\/b><\/p>\n<p>Nous esp\u00e9rons avoir \u00e9clairci ce point et, comme indiqu\u00e9 pr\u00e9c\u00e9demment, si vous n'\u00eates pas s\u00fbr d'avoir besoin de quelque chose, il est g\u00e9n\u00e9ralement plus prudent de laisser les cookies activ\u00e9s si vous interagissez avec l'une des fonctions que vous utilisez sur notre site.<\/p>\t\t\t\t\t\t\t\t<\/div>\n\t\t\t\t<\/div>\n\t\t\t\t\t<\/div>\n\t\t\t\t<\/div>\n\t\t\t\t<\/div>","protected":false},"excerpt":{"rendered":"<p>A sua privacidade \u00e9 importante para n\u00f3s. \u00c9 pol\u00edtica do spacemakers.pt respeitar a sua privacidade em rela\u00e7\u00e3o a qualquer informa\u00e7\u00e3o sua que possamos coletar no site spacemakers.pt, e outros sites que possu\u00edmos e operamos. Solicitamos informa\u00e7\u00f5es pessoais apenas quando realmente precisamos delas para lhe fornecer um servi\u00e7o. Fazemo-lo por meios justos e legais, com o [&hellip;]<\/p>\n","protected":false},"author":10,"featured_media":0,"parent":0,"menu_order":0,"comment_status":"closed","ping_status":"closed","template":"","meta":{"footnotes":""},"class_list":["post-5014","page","type-page","status-publish","hentry"],"_links":{"self":[{"href":"https:\/\/www.spacemakers.pt\/fr\/wp-json\/wp\/v2\/pages\/5014","targetHints":{"allow":["GET"]}}],"collection":[{"href":"https:\/\/www.spacemakers.pt\/fr\/wp-json\/wp\/v2\/pages"}],"about":[{"href":"https:\/\/www.spacemakers.pt\/fr\/wp-json\/wp\/v2\/types\/page"}],"author":[{"embeddable":true,"href":"https:\/\/www.spacemakers.pt\/fr\/wp-json\/wp\/v2\/users\/10"}],"replies":[{"embeddable":true,"href":"https:\/\/www.spacemakers.pt\/fr\/wp-json\/wp\/v2\/comments?post=5014"}],"version-history":[{"count":5,"href":"https:\/\/www.spacemakers.pt\/fr\/wp-json\/wp\/v2\/pages\/5014\/revisions"}],"predecessor-version":[{"id":5028,"href":"https:\/\/www.spacemakers.pt\/fr\/wp-json\/wp\/v2\/pages\/5014\/revisions\/5028"}],"wp:attachment":[{"href":"https:\/\/www.spacemakers.pt\/fr\/wp-json\/wp\/v2\/media?parent=5014"}],"curies":[{"name":"wp","href":"https:\/\/api.w.org\/{rel}","templated":true}]}}