{"id":3034,"date":"2023-11-10T17:08:23","date_gmt":"2023-11-10T17:08:23","guid":{"rendered":"https:\/\/spacemakers.pt\/?page_id=3034"},"modified":"2024-01-26T20:24:56","modified_gmt":"2024-01-26T20:24:56","slug":"restauration-de-maisons-anciennes","status":"publish","type":"page","link":"https:\/\/www.spacemakers.pt\/fr\/restauration-de-maisons-anciennes\/","title":{"rendered":"Restauration de maisons anciennes"},"content":{"rendered":"<div data-elementor-type=\"wp-page\" data-elementor-id=\"3034\" class=\"elementor elementor-3034\" data-elementor-post-type=\"page\">\n\t\t\t\t\t\t<section data-particle_enable=\"false\" data-particle-mobile-disabled=\"false\" class=\"elementor-section elementor-top-section elementor-element elementor-element-6719415 elementor-section-content-middle elementor-section-boxed elementor-section-height-default elementor-section-height-default\" data-id=\"6719415\" data-element_type=\"section\">\n\t\t\t\t\t\t<div class=\"elementor-container elementor-column-gap-no\">\n\t\t\t\t\t<div class=\"elementor-column elementor-col-50 elementor-top-column elementor-element elementor-element-e254938\" data-id=\"e254938\" data-element_type=\"column\">\n\t\t\t<div class=\"elementor-widget-wrap elementor-element-populated\">\n\t\t\t\t\t\t<div class=\"elementor-element elementor-element-89850d7 elementor-widget-mobile__width-initial elementor-widget elementor-widget-heading\" data-id=\"89850d7\" data-element_type=\"widget\" data-widget_type=\"heading.default\">\n\t\t\t\t<div class=\"elementor-widget-container\">\n\t\t\t\t\t<h1 class=\"elementor-heading-title elementor-size-default\">Restauration de maisons anciennes<\/h1>\t\t\t\t<\/div>\n\t\t\t\t<\/div>\n\t\t\t\t<div class=\"elementor-element elementor-element-c37def5 elementor-widget-mobile__width-initial elementor-widget elementor-widget-heading\" data-id=\"c37def5\" data-element_type=\"widget\" data-widget_type=\"heading.default\">\n\t\t\t\t<div class=\"elementor-widget-container\">\n\t\t\t\t\t<p class=\"elementor-heading-title elementor-size-default\"><br><br>\n<br>La restauration de maisons anciennes est synonyme de pr\u00e9servation d'un patrimoine culturel dont nous sommes tous les h\u00e9ritiers.<br>\n<br>\nNotre amour de l'art, qui nous fait respecter et admirer l'histoire de l'architecture elle-m\u00eame, notre exp\u00e9rience et le bon sens qui nous caract\u00e9rise sont les facteurs que nous mettons \u00e0 votre disposition dans un processus aussi complexe que la restauration de maisons anciennes.<br>\n<br>\nParce que nous aimons vous conseiller avant que vous ne commenciez, vous pouvez compter sur nous.\n<br>\n<br><\/p>\t\t\t\t<\/div>\n\t\t\t\t<\/div>\n\t\t\t\t<div class=\"elementor-element elementor-element-51eb09c elementor-align-left elementor-hidden-tablet elementor-hidden-mobile elementor-invisible elementor-widget elementor-widget-button\" data-id=\"51eb09c\" data-element_type=\"widget\" data-settings=\"{&quot;_animation&quot;:&quot;fadeInDown&quot;}\" data-widget_type=\"button.default\">\n\t\t\t\t<div class=\"elementor-widget-container\">\n\t\t\t\t\t\t\t\t\t<div class=\"elementor-button-wrapper\">\n\t\t\t\t\t<a class=\"elementor-button elementor-button-link elementor-size-sm\" href=\"#elementor-action%3Aaction%3Dpopup%3Aopen%26settings%3DeyJpZCI6IjE3NDgiLCJ0b2dnbGUiOmZhbHNlfQ%3D%3D\">\n\t\t\t\t\t\t<span class=\"elementor-button-content-wrapper\">\n\t\t\t\t\t\t\t\t\t<span class=\"elementor-button-text\">En savoir plus<\/span>\n\t\t\t\t\t<\/span>\n\t\t\t\t\t<\/a>\n\t\t\t\t<\/div>\n\t\t\t\t\t\t\t\t<\/div>\n\t\t\t\t<\/div>\n\t\t\t\t\t<\/div>\n\t\t<\/div>\n\t\t\t\t<div class=\"elementor-column elementor-col-50 elementor-top-column elementor-element elementor-element-f082d11 elementor-hidden-mobile\" data-id=\"f082d11\" data-element_type=\"column\">\n\t\t\t<div class=\"elementor-widget-wrap elementor-element-populated\">\n\t\t\t\t\t\t<div class=\"elementor-element elementor-element-9442919 elementor-widget elementor-widget-heading\" data-id=\"9442919\" data-element_type=\"widget\" data-widget_type=\"heading.default\">\n\t\t\t\t<div class=\"elementor-widget-container\">\n\t\t\t\t\t<h2 class=\"elementor-heading-title elementor-size-default\">La restauration de maisons anciennes est toujours une op\u00e9ration d\u00e9licate, car de nombreux facteurs entrent en jeu.<\/h2>\t\t\t\t<\/div>\n\t\t\t\t<\/div>\n\t\t\t\t<div class=\"elementor-element elementor-element-9c243bf elementor-hidden-mobile elementor-widget elementor-widget-heading\" data-id=\"9c243bf\" data-element_type=\"widget\" data-widget_type=\"heading.default\">\n\t\t\t\t<div class=\"elementor-widget-container\">\n\t\t\t\t\t<p class=\"elementor-heading-title elementor-size-default\">Il peut s'agir de restaurer l'ensemble de la maison, des murs ext\u00e9rieurs au r\u00e9am\u00e9nagement de l'int\u00e9rieur. Dans ce cas, un projet architectural est indispensable, auquel il faut associer des sp\u00e9cialit\u00e9s d'ing\u00e9nierie afin de ne pas mettre en p\u00e9ril l'existant ou l'avenir.<br>\n<br>\nLors de la restauration de maisons anciennes, nous essayons de pr\u00e9server leur histoire, tant du point de vue de l'\u00e9poque que des proc\u00e9d\u00e9s de construction et des mat\u00e9riaux utilis\u00e9s, comme les tuiles si typiques du Portugal.<br>\n<br>\nLa restauration de maisons anciennes est un \u00e9l\u00e9ment important de la pr\u00e9servation de notre patrimoine et constitue donc toujours un atout. Cependant, elle n\u00e9cessite des recherches et un soin extr\u00eame pour s'adapter aux temps modernes, tant en termes de s\u00e9curit\u00e9 qu'en termes de fonctionnalit\u00e9 et de durabilit\u00e9.<br>\n<br>\nLorsque nous voulons atteindre un haut niveau d'authenticit\u00e9, nous parvenons m\u00eame \u00e0 reproduire les anciennes techniques de construction et \u00e0 rechercher les mat\u00e9riaux utilis\u00e9s \u00e0 l'\u00e9poque. Tout d\u00e9pend de l'effort que l'on est pr\u00eat \u00e0 fournir et de la patience que l'on est pr\u00eat \u00e0 avoir, car il s'agit toujours de processus qui prennent du temps. <br>\n<br>\n<\/p>\t\t\t\t<\/div>\n\t\t\t\t<\/div>\n\t\t\t\t\t<\/div>\n\t\t<\/div>\n\t\t\t\t\t<\/div>\n\t\t<\/section>\n\t\t\t\t\t<script>\n\t\t\t\t(function($) {\n                    \"use strict\";\n\n                    var target = $('.elementor-element-6719415');\n                    target.addClass('e-lazyloaded');\n\n                    \n                    var EaelParallaxElement = {\n\n\t\t\t\t\t\tinit: function() {\n\t\t\t\t\t\t\telementorFrontend.hooks.addAction('frontend\/element_ready\/global', EaelParallaxElement.initWidget);\n\t\t\t\t\t\t},\n                        responsiveParallax: function(){\n                            var android = 1,\n                                ios = 1;\n                            switch( true || 1 ){\n                                case android && ios:\n                                    return \/iPad|iPhone|iPod|Android\/;\n                                    break;\n                                case android && ! ios:\n                                    return \/Android\/;\n                                    break;\n                                case ! android && ios:\n                                    return \/iPad|iPhone|iPod\/;\n                                    break;\n                                case ( ! android && ! ios ):\n                                    return null;\n                            }\n                        },\n\t\t\t\t\t\tinitWidget: function( $scope ) {\n\n\t\t\t\t\t\t\ttarget.jarallax({\n\t\t\t\t\t\t\t\ttype: 'scroll-opacity',\n\t\t\t\t\t\t\t\tspeed: 1.3,\n\t\t\t\t\t\t\t\tkeepImg: true,\n                                disableParallax: EaelParallaxElement.responsiveParallax(),\n\t\t\t\t\t\t\t});\n\t\t\t\t\t\t}\n\n\t\t\t\t\t};\n\n\t\t\t\t\t$( window ).on('elementor\/frontend\/init', EaelParallaxElement.init);\n\n                    \t\t\t\t}( jQuery ) );\n\t\t\t<\/script>\n\t\t\t\t<section data-particle_enable=\"false\" data-particle-mobile-disabled=\"false\" class=\"elementor-section elementor-top-section elementor-element elementor-element-de98d6a elementor-section-height-min-height elementor-section-boxed elementor-section-height-default elementor-section-items-middle\" data-id=\"de98d6a\" data-element_type=\"section\" data-settings=\"{&quot;background_background&quot;:&quot;slideshow&quot;,&quot;background_slideshow_gallery&quot;:[{&quot;id&quot;:1524,&quot;url&quot;:&quot;https:\\\/\\\/www.spacemakers.pt\\\/wp-content\\\/uploads\\\/2023\\\/10\\\/06-1024x742-1.jpeg&quot;}],&quot;background_slideshow_loop&quot;:&quot;yes&quot;,&quot;background_slideshow_slide_duration&quot;:5000,&quot;background_slideshow_slide_transition&quot;:&quot;fade&quot;,&quot;background_slideshow_transition_duration&quot;:500}\">\n\t\t\t\t\t\t<div class=\"elementor-container elementor-column-gap-default\">\n\t\t\t\t\t<div class=\"elementor-column elementor-col-100 elementor-top-column elementor-element elementor-element-66942c0\" data-id=\"66942c0\" data-element_type=\"column\" data-settings=\"{&quot;background_background&quot;:&quot;classic&quot;}\">\n\t\t\t<div class=\"elementor-widget-wrap\">\n\t\t\t\t\t\t\t<\/div>\n\t\t<\/div>\n\t\t\t\t\t<\/div>\n\t\t<\/section>\n\t\t\t\t<section data-particle_enable=\"false\" data-particle-mobile-disabled=\"false\" class=\"elementor-section elementor-top-section elementor-element elementor-element-c73d2ee elementor-section-boxed elementor-section-height-default elementor-section-height-default\" data-id=\"c73d2ee\" data-element_type=\"section\" data-settings=\"{&quot;background_background&quot;:&quot;classic&quot;}\">\n\t\t\t\t\t\t<div class=\"elementor-container elementor-column-gap-default\">\n\t\t\t\t\t<div class=\"elementor-column elementor-col-50 elementor-top-column elementor-element elementor-element-a4b5b56\" data-id=\"a4b5b56\" data-element_type=\"column\">\n\t\t\t<div class=\"elementor-widget-wrap elementor-element-populated\">\n\t\t\t\t\t\t<div class=\"elementor-element elementor-element-fd2c4f3 elementor-widget__width-initial elementor-widget-tablet__width-initial elementor-widget elementor-widget-heading\" data-id=\"fd2c4f3\" data-element_type=\"widget\" data-widget_type=\"heading.default\">\n\t\t\t\t<div class=\"elementor-widget-container\">\n\t\t\t\t\t<h2 class=\"elementor-heading-title elementor-size-default\">Quel type de maison ancienne souhaitez-vous restaurer ?<\/h2>\t\t\t\t<\/div>\n\t\t\t\t<\/div>\n\t\t\t\t\t<\/div>\n\t\t<\/div>\n\t\t\t\t<div class=\"elementor-column elementor-col-50 elementor-top-column elementor-element elementor-element-161e409\" data-id=\"161e409\" data-element_type=\"column\">\n\t\t\t<div class=\"elementor-widget-wrap elementor-element-populated\">\n\t\t\t\t\t\t<div class=\"elementor-element elementor-element-901b0ef elementor-widget__width-initial elementor-widget-mobile__width-initial elementor-widget-tablet__width-initial elementor-widget elementor-widget-text-editor\" data-id=\"901b0ef\" data-element_type=\"widget\" data-widget_type=\"text-editor.default\">\n\t\t\t\t<div class=\"elementor-widget-container\">\n\t\t\t\t\t\t\t\t\t<p>Nous \u00e9tudions et travaillons pour trouver votre formule. Votre d\u00e9coration. Celle que vous avez id\u00e9alis\u00e9e.<\/p>\t\t\t\t\t\t\t\t<\/div>\n\t\t\t\t<\/div>\n\t\t\t\t<div class=\"elementor-element elementor-element-497e1d9 elementor-align-left elementor-mobile-align-center elementor-widget-mobile__width-initial elementor-tablet-align-left elementor-hidden-mobile elementor-invisible elementor-widget elementor-widget-button\" data-id=\"497e1d9\" data-element_type=\"widget\" data-settings=\"{&quot;_animation&quot;:&quot;fadeInDown&quot;}\" data-widget_type=\"button.default\">\n\t\t\t\t<div class=\"elementor-widget-container\">\n\t\t\t\t\t\t\t\t\t<div class=\"elementor-button-wrapper\">\n\t\t\t\t\t<a class=\"elementor-button elementor-button-link elementor-size-sm\" href=\"#elementor-action%3Aaction%3Dpopup%3Aopen%26settings%3DeyJpZCI6IjE3NDgiLCJ0b2dnbGUiOmZhbHNlfQ%3D%3D\">\n\t\t\t\t\t\t<span class=\"elementor-button-content-wrapper\">\n\t\t\t\t\t\t\t\t\t<span class=\"elementor-button-text\">Prendre contact<\/span>\n\t\t\t\t\t<\/span>\n\t\t\t\t\t<\/a>\n\t\t\t\t<\/div>\n\t\t\t\t\t\t\t\t<\/div>\n\t\t\t\t<\/div>\n\t\t\t\t\t<\/div>\n\t\t<\/div>\n\t\t\t\t\t<\/div>\n\t\t<\/section>\n\t\t\t\t<section data-particle_enable=\"false\" data-particle-mobile-disabled=\"false\" class=\"elementor-section elementor-top-section elementor-element elementor-element-90a4567 elementor-section-boxed elementor-section-height-default elementor-section-height-default\" data-id=\"90a4567\" data-element_type=\"section\" data-settings=\"{&quot;background_background&quot;:&quot;classic&quot;}\">\n\t\t\t\t\t\t<div class=\"elementor-container elementor-column-gap-default\">\n\t\t\t\t\t<div class=\"elementor-column elementor-col-100 elementor-top-column elementor-element elementor-element-6b846c3\" data-id=\"6b846c3\" data-element_type=\"column\">\n\t\t\t<div class=\"elementor-widget-wrap elementor-element-populated\">\n\t\t\t\t\t\t<section data-particle_enable=\"false\" data-particle-mobile-disabled=\"false\" class=\"elementor-section elementor-inner-section elementor-element elementor-element-953e24d elementor-section-boxed elementor-section-height-default elementor-section-height-default\" data-id=\"953e24d\" data-element_type=\"section\">\n\t\t\t\t\t\t<div class=\"elementor-container elementor-column-gap-default\">\n\t\t\t\t\t<div class=\"elementor-column elementor-col-50 elementor-inner-column elementor-element elementor-element-2a5cf08\" data-id=\"2a5cf08\" data-element_type=\"column\">\n\t\t\t<div class=\"elementor-widget-wrap elementor-element-populated\">\n\t\t\t\t\t\t<div class=\"elementor-element elementor-element-89f9122 elementor-widget elementor-widget-heading\" data-id=\"89f9122\" data-element_type=\"widget\" data-widget_type=\"heading.default\">\n\t\t\t\t<div class=\"elementor-widget-container\">\n\t\t\t\t\t<h3 class=\"elementor-heading-title elementor-size-default\">Maisons anciennes<\/h3>\t\t\t\t<\/div>\n\t\t\t\t<\/div>\n\t\t\t\t<div class=\"elementor-element elementor-element-ec0a3c9 elementor-widget-divider--view-line elementor-widget elementor-widget-divider\" data-id=\"ec0a3c9\" data-element_type=\"widget\" data-widget_type=\"divider.default\">\n\t\t\t\t<div class=\"elementor-widget-container\">\n\t\t\t\t\t\t\t<div class=\"elementor-divider\">\n\t\t\t<span class=\"elementor-divider-separator\">\n\t\t\t\t\t\t<\/span>\n\t\t<\/div>\n\t\t\t\t\t\t<\/div>\n\t\t\t\t<\/div>\n\t\t\t\t<div class=\"elementor-element elementor-element-8dfa2dd elementor-widget__width-initial elementor-widget-mobile__width-initial elementor-widget elementor-widget-text-editor\" data-id=\"8dfa2dd\" data-element_type=\"widget\" data-widget_type=\"text-editor.default\">\n\t\t\t\t<div class=\"elementor-widget-container\">\n\t\t\t\t\t\t\t\t\t<p style=\"text-align: left;\">La diversit\u00e9 des styles pr\u00e9sents dans les vieilles maisons diss\u00e9min\u00e9es sur notre territoire nous raconte l'histoire des mouvements socioculturels de notre pays, comme les fameuses \"maisons des Br\u00e9siliens\", et la vie \u00e0 leurs diff\u00e9rentes \u00e9poques. La recherche et la d\u00e9couverte de chacune d'entre elles est un processus qui fait partie de leur restauration. Pour que l'histoire et les caract\u00e9ristiques qui en ont fait des symboles ne se perdent pas.<\/p>\t\t\t\t\t\t\t\t<\/div>\n\t\t\t\t<\/div>\n\t\t\t\t\t<\/div>\n\t\t<\/div>\n\t\t\t\t<div class=\"elementor-column elementor-col-50 elementor-inner-column elementor-element elementor-element-e037c18\" data-id=\"e037c18\" data-element_type=\"column\">\n\t\t\t<div class=\"elementor-widget-wrap elementor-element-populated\">\n\t\t\t\t\t\t<div class=\"elementor-element elementor-element-8918a43 elementor-widget elementor-widget-heading\" data-id=\"8918a43\" data-element_type=\"widget\" data-widget_type=\"heading.default\">\n\t\t\t\t<div class=\"elementor-widget-container\">\n\t\t\t\t\t<h3 class=\"elementor-heading-title elementor-size-default\">Maisons de campagne<\/h3>\t\t\t\t<\/div>\n\t\t\t\t<\/div>\n\t\t\t\t<div class=\"elementor-element elementor-element-cd02734 elementor-widget-divider--view-line elementor-widget elementor-widget-divider\" data-id=\"cd02734\" data-element_type=\"widget\" data-widget_type=\"divider.default\">\n\t\t\t\t<div class=\"elementor-widget-container\">\n\t\t\t\t\t\t\t<div class=\"elementor-divider\">\n\t\t\t<span class=\"elementor-divider-separator\">\n\t\t\t\t\t\t<\/span>\n\t\t<\/div>\n\t\t\t\t\t\t<\/div>\n\t\t\t\t<\/div>\n\t\t\t\t<div class=\"elementor-element elementor-element-50a1e22 elementor-widget__width-initial elementor-widget-mobile__width-initial elementor-widget elementor-widget-text-editor\" data-id=\"50a1e22\" data-element_type=\"widget\" data-widget_type=\"text-editor.default\">\n\t\t\t\t<div class=\"elementor-widget-container\">\n\t\t\t\t\t\t\t\t\t<p style=\"text-align: left;\">Chaque r\u00e9gion a son propre style et, dans notre pays, nous trouvons des processus de construction et des maisons aussi diff\u00e9rents que les collines de l'Alentejo ou les maisons en schiste des montagnes. Restaurer une maison de campagne, c'est r\u00e9ussir \u00e0 maintenir la tradition et certaines de ses sp\u00e9cificit\u00e9s tout en lui apportant le confort, la s\u00e9curit\u00e9 et la durabilit\u00e9 de la modernit\u00e9. S'adapter sans mettre en p\u00e9ril sa typicit\u00e9.<\/p>\t\t\t\t\t\t\t\t<\/div>\n\t\t\t\t<\/div>\n\t\t\t\t\t<\/div>\n\t\t<\/div>\n\t\t\t\t\t<\/div>\n\t\t<\/section>\n\t\t\t\t<section data-particle_enable=\"false\" data-particle-mobile-disabled=\"false\" class=\"elementor-section elementor-inner-section elementor-element elementor-element-3ff08cd elementor-section-boxed elementor-section-height-default elementor-section-height-default\" data-id=\"3ff08cd\" data-element_type=\"section\">\n\t\t\t\t\t\t<div class=\"elementor-container elementor-column-gap-default\">\n\t\t\t\t\t<div class=\"elementor-column elementor-col-100 elementor-inner-column elementor-element elementor-element-6ef20e9\" data-id=\"6ef20e9\" data-element_type=\"column\">\n\t\t\t<div class=\"elementor-widget-wrap elementor-element-populated\">\n\t\t\t\t\t\t<div class=\"elementor-element elementor-element-74ecd04 elementor-widget elementor-widget-heading\" data-id=\"74ecd04\" data-element_type=\"widget\" data-widget_type=\"heading.default\">\n\t\t\t\t<div class=\"elementor-widget-container\">\n\t\t\t\t\t<h3 class=\"elementor-heading-title elementor-size-default\">B\u00e2timents design<\/h3>\t\t\t\t<\/div>\n\t\t\t\t<\/div>\n\t\t\t\t<div class=\"elementor-element elementor-element-28c3406 elementor-widget-divider--view-line elementor-widget elementor-widget-divider\" data-id=\"28c3406\" data-element_type=\"widget\" data-widget_type=\"divider.default\">\n\t\t\t\t<div class=\"elementor-widget-container\">\n\t\t\t\t\t\t\t<div class=\"elementor-divider\">\n\t\t\t<span class=\"elementor-divider-separator\">\n\t\t\t\t\t\t<\/span>\n\t\t<\/div>\n\t\t\t\t\t\t<\/div>\n\t\t\t\t<\/div>\n\t\t\t\t<div class=\"elementor-element elementor-element-aafb33e elementor-widget__width-initial elementor-widget-mobile__width-initial elementor-widget elementor-widget-text-editor\" data-id=\"aafb33e\" data-element_type=\"widget\" data-widget_type=\"text-editor.default\">\n\t\t\t\t<div class=\"elementor-widget-container\">\n\t\t\t\t\t\t\t\t\t<p style=\"text-align: left;\">Les b\u00e2timents design peuvent \u00eatre des immeubles ou des maisons individuelles. Certains architectes ont cr\u00e9\u00e9 un style, d'autres sont devenus des ic\u00f4nes des diff\u00e9rentes modernit\u00e9s de l'histoire. La restauration de ce type de b\u00e2timent est la plus complexe car il est souvent couvert par une l\u00e9gislation qui le prot\u00e8ge ou par son emplacement dans une zone particuli\u00e8re. C'est un d\u00e9fi de plus dans l'aventure de recr\u00e9er un esprit qui a transform\u00e9 un b\u00e2timent en objet d'art. A pr\u00e9server.<\/p>\t\t\t\t\t\t\t\t<\/div>\n\t\t\t\t<\/div>\n\t\t\t\t\t<\/div>\n\t\t<\/div>\n\t\t\t\t\t<\/div>\n\t\t<\/section>\n\t\t\t\t\t<\/div>\n\t\t<\/div>\n\t\t\t\t\t<\/div>\n\t\t<\/section>\n\t\t\t\t<\/div>","protected":false},"excerpt":{"rendered":"<p>Restauration de maisons anciennes Restaurer des maisons anciennes est synonyme de pr\u00e9servation d'un patrimoine culturel dont nous sommes tous les h\u00e9ritiers. Notre amour de l'art, qui nous fait respecter et admirer l'histoire de l'architecture elle-m\u00eame, notre exp\u00e9rience et le bon sens qui nous caract\u00e9rise sont les \u00e9l\u00e9ments que nous mettons \u00e0 votre disposition [...]<\/p>","protected":false},"author":1,"featured_media":0,"parent":0,"menu_order":0,"comment_status":"closed","ping_status":"closed","template":"elementor_header_footer","meta":{"footnotes":""},"class_list":["post-3034","page","type-page","status-publish","hentry"],"_links":{"self":[{"href":"https:\/\/www.spacemakers.pt\/fr\/wp-json\/wp\/v2\/pages\/3034","targetHints":{"allow":["GET"]}}],"collection":[{"href":"https:\/\/www.spacemakers.pt\/fr\/wp-json\/wp\/v2\/pages"}],"about":[{"href":"https:\/\/www.spacemakers.pt\/fr\/wp-json\/wp\/v2\/types\/page"}],"author":[{"embeddable":true,"href":"https:\/\/www.spacemakers.pt\/fr\/wp-json\/wp\/v2\/users\/1"}],"replies":[{"embeddable":true,"href":"https:\/\/www.spacemakers.pt\/fr\/wp-json\/wp\/v2\/comments?post=3034"}],"version-history":[{"count":5,"href":"https:\/\/www.spacemakers.pt\/fr\/wp-json\/wp\/v2\/pages\/3034\/revisions"}],"predecessor-version":[{"id":4424,"href":"https:\/\/www.spacemakers.pt\/fr\/wp-json\/wp\/v2\/pages\/3034\/revisions\/4424"}],"wp:attachment":[{"href":"https:\/\/www.spacemakers.pt\/fr\/wp-json\/wp\/v2\/media?parent=3034"}],"curies":[{"name":"wp","href":"https:\/\/api.w.org\/{rel}","templated":true}]}}