{"id":1562,"date":"2023-10-12T17:16:45","date_gmt":"2023-10-12T17:16:45","guid":{"rendered":"https:\/\/spacemakers.pt\/home-wip-copy\/"},"modified":"2024-07-17T09:20:24","modified_gmt":"2024-07-17T09:20:24","slug":"design-dinterieur","status":"publish","type":"page","link":"https:\/\/www.spacemakers.pt\/fr\/design-dinterieur\/","title":{"rendered":"Design d'int\u00e9rieur"},"content":{"rendered":"<div data-elementor-type=\"wp-page\" data-elementor-id=\"1562\" class=\"elementor elementor-1562\" data-elementor-post-type=\"page\">\n\t\t\t\t\t\t<section data-particle_enable=\"false\" data-particle-mobile-disabled=\"false\" class=\"elementor-section elementor-top-section elementor-element elementor-element-7d6a4db elementor-section-height-min-height elementor-section-boxed elementor-section-height-default elementor-section-items-middle\" data-id=\"7d6a4db\" data-element_type=\"section\" data-settings=\"{&quot;background_background&quot;:&quot;slideshow&quot;,&quot;background_slideshow_gallery&quot;:[{&quot;id&quot;:1159,&quot;url&quot;:&quot;https:\\\/\\\/www.spacemakers.pt\\\/wp-content\\\/uploads\\\/2023\\\/10\\\/LSC9490-scaled.jpg&quot;}],&quot;background_slideshow_loop&quot;:&quot;yes&quot;,&quot;background_slideshow_slide_duration&quot;:5000,&quot;background_slideshow_slide_transition&quot;:&quot;fade&quot;,&quot;background_slideshow_transition_duration&quot;:500}\">\n\t\t\t\t\t\t<div class=\"elementor-container elementor-column-gap-default\">\n\t\t\t\t\t<div class=\"elementor-column elementor-col-100 elementor-top-column elementor-element elementor-element-64dbd21\" data-id=\"64dbd21\" data-element_type=\"column\">\n\t\t\t<div class=\"elementor-widget-wrap\">\n\t\t\t\t\t\t\t<\/div>\n\t\t<\/div>\n\t\t\t\t\t<\/div>\n\t\t<\/section>\n\t\t\t\t<section data-particle_enable=\"false\" data-particle-mobile-disabled=\"false\" class=\"elementor-section elementor-top-section elementor-element elementor-element-6719415 elementor-section-content-middle elementor-reverse-mobile elementor-section-boxed elementor-section-height-default elementor-section-height-default\" data-id=\"6719415\" data-element_type=\"section\">\n\t\t\t\t\t\t<div class=\"elementor-container elementor-column-gap-no\">\n\t\t\t\t\t<div class=\"elementor-column elementor-col-50 elementor-top-column elementor-element elementor-element-e254938\" data-id=\"e254938\" data-element_type=\"column\">\n\t\t\t<div class=\"elementor-widget-wrap elementor-element-populated\">\n\t\t\t\t\t\t<div class=\"elementor-element elementor-element-89850d7 elementor-widget-mobile__width-initial elementor-widget elementor-widget-heading\" data-id=\"89850d7\" data-element_type=\"widget\" data-widget_type=\"heading.default\">\n\t\t\t\t<div class=\"elementor-widget-container\">\n\t\t\t\t\t<h1 class=\"elementor-heading-title elementor-size-default\">Design d'int\u00e9rieur<\/h1>\t\t\t\t<\/div>\n\t\t\t\t<\/div>\n\t\t\t\t<div class=\"elementor-element elementor-element-c37def5 elementor-widget-mobile__width-initial elementor-widget__width-initial elementor-widget elementor-widget-heading\" data-id=\"c37def5\" data-element_type=\"widget\" data-widget_type=\"heading.default\">\n\t\t\t\t<div class=\"elementor-widget-container\">\n\t\t\t\t\t<p class=\"elementor-heading-title elementor-size-default\">L'architecture d'int\u00e9rieur est un savoir et un art dans lequel la dimension esth\u00e9tique est aussi importante que la fonctionnalit\u00e9.<br><br>C'est pourquoi notre cr\u00e9ativit\u00e9 et notre savoir-faire seront d'autant plus efficaces que nous aurons une id\u00e9e pr\u00e9cise du budget disponible et des d\u00e9lais souhait\u00e9s pour le projet.<br><br>Chez Spacemakers, notre m\u00e9thodologie est con\u00e7ue pour que le projet d'am\u00e9nagement et de d\u00e9coration d'int\u00e9rieur soit \u00e0 votre image, ou pour qu'il soit r\u00e9alis\u00e9 de A \u00e0 Z, cl\u00e9 en main.\n<\/p>\t\t\t\t<\/div>\n\t\t\t\t<\/div>\n\t\t\t\t<div class=\"elementor-element elementor-element-51eb09c elementor-align-left elementor-invisible elementor-widget elementor-widget-button\" data-id=\"51eb09c\" data-element_type=\"widget\" data-settings=\"{&quot;_animation&quot;:&quot;fadeInDown&quot;}\" data-widget_type=\"button.default\">\n\t\t\t\t<div class=\"elementor-widget-container\">\n\t\t\t\t\t\t\t\t\t<div class=\"elementor-button-wrapper\">\n\t\t\t\t\t<a class=\"elementor-button elementor-button-link elementor-size-sm\" href=\"#elementor-action%3Aaction%3Dpopup%3Aopen%26settings%3DeyJpZCI6IjE3NDgiLCJ0b2dnbGUiOmZhbHNlfQ%3D%3D\">\n\t\t\t\t\t\t<span class=\"elementor-button-content-wrapper\">\n\t\t\t\t\t\t\t\t\t<span class=\"elementor-button-text\">En savoir plus<\/span>\n\t\t\t\t\t<\/span>\n\t\t\t\t\t<\/a>\n\t\t\t\t<\/div>\n\t\t\t\t\t\t\t\t<\/div>\n\t\t\t\t<\/div>\n\t\t\t\t\t<\/div>\n\t\t<\/div>\n\t\t\t\t<div class=\"elementor-column elementor-col-50 elementor-top-column elementor-element elementor-element-f082d11 elementor-hidden-mobile\" data-id=\"f082d11\" data-element_type=\"column\">\n\t\t\t<div class=\"elementor-widget-wrap elementor-element-populated\">\n\t\t\t\t\t\t<div class=\"elementor-element elementor-element-9442919 elementor-widget elementor-widget-heading\" data-id=\"9442919\" data-element_type=\"widget\" data-widget_type=\"heading.default\">\n\t\t\t\t<div class=\"elementor-widget-container\">\n\t\t\t\t\t<p class=\"elementor-heading-title elementor-size-default\">Gr\u00e2ce \u00e0 l'architecture d'int\u00e9rieur, notre premi\u00e8re mission est de rendre les espaces habitables, confortables et harmonieux. Rendre la vie et le monde meilleurs.<\/p>\t\t\t\t<\/div>\n\t\t\t\t<\/div>\n\t\t\t\t<div class=\"elementor-element elementor-element-9c243bf elementor-hidden-mobile elementor-widget__width-initial elementor-widget elementor-widget-heading\" data-id=\"9c243bf\" data-element_type=\"widget\" data-widget_type=\"heading.default\">\n\t\t\t\t<div class=\"elementor-widget-container\">\n\t\t\t\t\t<p class=\"elementor-heading-title elementor-size-default\">Lorsque l'on regarde des murs vides, la grande question qui se pose est la suivante : comment cr\u00e9er du confort et du bien-\u00eatre ou rendre la vie quotidienne facile et pratique ? La r\u00e9ponse \u00e0 cette question nous vient de l'architecture d'int\u00e9rieur et de la d\u00e9coration.<br><br>De m\u00eame, chez Spacemakers, lorsque nous parlons d'architecture d'int\u00e9rieur, nous parlons d'\u00e9l\u00e9ments tels que le mobilier et les mat\u00e9riaux, l'\u00e9clairage et les couleurs, l'organisation et la fonctionnalit\u00e9. Nous parlons surtout d'exploration des sensations, l'objectif ultime \u00e9tant d'\u00e9tablir une harmonie entre les espaces, entre les espaces et le monde ext\u00e9rieur, (et avec vous) et avec tous ceux qui doivent la ressentir.<br><br>En outre, notre approche de l'am\u00e9nagement int\u00e9rieur et de la d\u00e9coration favorise l'adaptation entre les objectifs fix\u00e9s, le potentiel offert par l'espace et son insertion dans un contexte environnemental donn\u00e9, et le style qui convient le mieux \u00e0 ceux qui vont l'habiter ou l'explorer.<\/p>\t\t\t\t<\/div>\n\t\t\t\t<\/div>\n\t\t\t\t\t<\/div>\n\t\t<\/div>\n\t\t\t\t\t<\/div>\n\t\t<\/section>\n\t\t\t\t\t<script>\n\t\t\t\t(function($) {\n                    \"use strict\";\n\n                    var target = $('.elementor-element-6719415');\n                    target.addClass('e-lazyloaded');\n\n                    \n                    var EaelParallaxElement = {\n\n\t\t\t\t\t\tinit: function() {\n\t\t\t\t\t\t\telementorFrontend.hooks.addAction('frontend\/element_ready\/global', EaelParallaxElement.initWidget);\n\t\t\t\t\t\t},\n                        responsiveParallax: function(){\n                            var android = 1,\n                                ios = 1;\n                            switch( true || 1 ){\n                                case android && ios:\n                                    return \/iPad|iPhone|iPod|Android\/;\n                                    break;\n                                case android && ! ios:\n                                    return \/Android\/;\n                                    break;\n                                case ! android && ios:\n                                    return \/iPad|iPhone|iPod\/;\n                                    break;\n                                case ( ! android && ! ios ):\n                                    return null;\n                            }\n                        },\n\t\t\t\t\t\tinitWidget: function( $scope ) {\n\n\t\t\t\t\t\t\ttarget.jarallax({\n\t\t\t\t\t\t\t\ttype: 'scroll-opacity',\n\t\t\t\t\t\t\t\tspeed: 1.3,\n\t\t\t\t\t\t\t\tkeepImg: true,\n                                disableParallax: EaelParallaxElement.responsiveParallax(),\n\t\t\t\t\t\t\t});\n\t\t\t\t\t\t}\n\n\t\t\t\t\t};\n\n\t\t\t\t\t$( window ).on('elementor\/frontend\/init', EaelParallaxElement.init);\n\n                    \t\t\t\t}( jQuery ) );\n\t\t\t<\/script>\n\t\t<div data-particle_enable=\"false\" data-particle-mobile-disabled=\"false\" class=\"elementor-element elementor-element-ee92cf5 e-flex e-con-boxed e-con e-parent\" data-id=\"ee92cf5\" data-element_type=\"container\" data-settings=\"{&quot;background_background&quot;:&quot;classic&quot;}\">\n\t\t\t\t\t<div class=\"e-con-inner\">\n\t\t<div data-particle_enable=\"false\" data-particle-mobile-disabled=\"false\" class=\"elementor-element elementor-element-a932e3f e-con-full e-flex e-con e-child\" data-id=\"a932e3f\" data-element_type=\"container\">\n\t\t\t\t<div class=\"elementor-element elementor-element-aa36cbd elementor-widget__width-initial elementor-widget elementor-widget-heading\" data-id=\"aa36cbd\" data-element_type=\"widget\" data-widget_type=\"heading.default\">\n\t\t\t\t<div class=\"elementor-widget-container\">\n\t\t\t\t\t<p class=\"elementor-heading-title elementor-size-default\"><span>Vous souhaitez r\u00e9aliser un projet d'am\u00e9nagement int\u00e9rieur r\u00e9sidentiel, commercial ou de bureau ? Parlez-en \u00e0 notre \u00e9quipe.<\/span><\/p>\t\t\t\t<\/div>\n\t\t\t\t<\/div>\n\t\t\t\t<\/div>\n\t\t<div data-particle_enable=\"false\" data-particle-mobile-disabled=\"false\" class=\"elementor-element elementor-element-80a5490 e-con-full e-flex e-con e-child\" data-id=\"80a5490\" data-element_type=\"container\">\n\t\t\t\t<div class=\"elementor-element elementor-element-d31037f elementor-align-center elementor-mobile-align-center elementor-invisible elementor-widget elementor-widget-button\" data-id=\"d31037f\" data-element_type=\"widget\" data-settings=\"{&quot;_animation&quot;:&quot;fadeInDown&quot;}\" data-widget_type=\"button.default\">\n\t\t\t\t<div class=\"elementor-widget-container\">\n\t\t\t\t\t\t\t\t\t<div class=\"elementor-button-wrapper\">\n\t\t\t\t\t<a class=\"elementor-button elementor-button-link elementor-size-sm\" href=\"#elementor-action%3Aaction%3Dpopup%3Aopen%26settings%3DeyJpZCI6IjE3NDgiLCJ0b2dnbGUiOmZhbHNlfQ%3D%3D\">\n\t\t\t\t\t\t<span class=\"elementor-button-content-wrapper\">\n\t\t\t\t\t\t\t\t\t<span class=\"elementor-button-text\">Prendre contact<\/span>\n\t\t\t\t\t<\/span>\n\t\t\t\t\t<\/a>\n\t\t\t\t<\/div>\n\t\t\t\t\t\t\t\t<\/div>\n\t\t\t\t<\/div>\n\t\t\t\t<\/div>\n\t\t\t\t\t<\/div>\n\t\t\t\t<\/div>\n\t\t<div data-particle_enable=\"false\" data-particle-mobile-disabled=\"false\" class=\"elementor-element elementor-element-8110a09 e-flex e-con-boxed e-con e-parent\" data-id=\"8110a09\" data-element_type=\"container\" data-settings=\"{&quot;background_background&quot;:&quot;classic&quot;}\">\n\t\t\t\t\t<div class=\"e-con-inner\">\n\t\t<div data-particle_enable=\"false\" data-particle-mobile-disabled=\"false\" class=\"elementor-element elementor-element-e04749e e-con-full e-flex e-con e-child\" data-id=\"e04749e\" data-element_type=\"container\">\n\t\t\t\t<div class=\"elementor-element elementor-element-e885d31 elementor-widget elementor-widget-heading\" data-id=\"e885d31\" data-element_type=\"widget\" data-widget_type=\"heading.default\">\n\t\t\t\t<div class=\"elementor-widget-container\">\n\t\t\t\t\t<h2 class=\"elementor-heading-title elementor-size-default\">Domaines d'expertise <br>Design d'int\u00e9rieur<\/h2>\t\t\t\t<\/div>\n\t\t\t\t<\/div>\n\t\t\t\t<div class=\"elementor-element elementor-element-9121773 elementor-widget elementor-widget-heading\" data-id=\"9121773\" data-element_type=\"widget\" data-widget_type=\"heading.default\">\n\t\t\t\t<div class=\"elementor-widget-container\">\n\t\t\t\t\t<p class=\"elementor-heading-title elementor-size-default\">Dans chaque cas, nous mettons \u00e0 profit notre exp\u00e9rience et notre passion pour proposer des solutions exceptionnelles.<\/p>\t\t\t\t<\/div>\n\t\t\t\t<\/div>\n\t\t<div data-particle_enable=\"false\" data-particle-mobile-disabled=\"false\" class=\"elementor-element elementor-element-3972f44 e-con-full e-flex e-con e-child\" data-id=\"3972f44\" data-element_type=\"container\">\n\t\t<div data-particle_enable=\"false\" data-particle-mobile-disabled=\"false\" class=\"elementor-element elementor-element-72eb08c e-con-full e-flex e-con e-child\" data-id=\"72eb08c\" data-element_type=\"container\">\n\t\t\t\t<div class=\"elementor-element elementor-element-b181d53 elementor-position-top elementor-widget elementor-widget-image-box\" data-id=\"b181d53\" data-element_type=\"widget\" data-widget_type=\"image-box.default\">\n\t\t\t\t<div class=\"elementor-widget-container\">\n\t\t\t\t\t<div class=\"elementor-image-box-wrapper\"><figure class=\"elementor-image-box-img\"><a href=\"https:\/\/www.spacemakers.pt\/fr\/decoration-dhotel\/\" tabindex=\"-1\"><img fetchpriority=\"high\" decoding=\"async\" width=\"768\" height=\"509\" src=\"https:\/\/www.spacemakers.pt\/wp-content\/uploads\/2024\/07\/Frondoso-1-1-e1721061073176-768x509.png\" class=\"elementor-animation-grow attachment-medium_large size-medium_large wp-image-4810\" alt=\"\" srcset=\"https:\/\/www.spacemakers.pt\/wp-content\/uploads\/2024\/07\/Frondoso-1-1-e1721061073176-768x509.png 768w, https:\/\/www.spacemakers.pt\/wp-content\/uploads\/2024\/07\/Frondoso-1-1-e1721061073176-300x199.png 300w, https:\/\/www.spacemakers.pt\/wp-content\/uploads\/2024\/07\/Frondoso-1-1-e1721061073176-1024x679.png 1024w, https:\/\/www.spacemakers.pt\/wp-content\/uploads\/2024\/07\/Frondoso-1-1-e1721061073176-1536x1019.png 1536w, https:\/\/www.spacemakers.pt\/wp-content\/uploads\/2024\/07\/Frondoso-1-1-e1721061073176-18x12.png 18w, https:\/\/www.spacemakers.pt\/wp-content\/uploads\/2024\/07\/Frondoso-1-1-e1721061073176.png 1960w\" sizes=\"(max-width: 768px) 100vw, 768px\" \/><\/a><\/figure><div class=\"elementor-image-box-content\"><h3 class=\"elementor-image-box-title\"><a href=\"https:\/\/www.spacemakers.pt\/fr\/decoration-dhotel\/\">L'hospitalit\u00e9<\/a><\/h3><p class=\"elementor-image-box-description\">Le secteur de l'h\u00f4tellerie est principalement caract\u00e9ris\u00e9 par les h\u00f4tels, mais ce n'est pas tout. Dans ce contexte, nous pouvons parler d'h\u00f4tels, de centres sportifs, de condominiums pour personnes \u00e2g\u00e9es, de logements locaux, entre autres exemples.<br><br>Dans la cat\u00e9gorie des h\u00f4tels, l'am\u00e9nagement int\u00e9rieur et la d\u00e9coration sont fondamentaux pour cr\u00e9er la distinction et la durabilit\u00e9 que nous voulons donner \u00e0 ces espaces.<\/p><\/div><\/div>\t\t\t\t<\/div>\n\t\t\t\t<\/div>\n\t\t\t\t<\/div>\n\t\t<div data-particle_enable=\"false\" data-particle-mobile-disabled=\"false\" class=\"elementor-element elementor-element-dc91db7 e-con-full e-flex e-con e-child\" data-id=\"dc91db7\" data-element_type=\"container\">\n\t\t\t\t<div class=\"elementor-element elementor-element-41f78b4 elementor-position-top elementor-widget elementor-widget-image-box\" data-id=\"41f78b4\" data-element_type=\"widget\" data-widget_type=\"image-box.default\">\n\t\t\t\t<div class=\"elementor-widget-container\">\n\t\t\t\t\t<div class=\"elementor-image-box-wrapper\"><figure class=\"elementor-image-box-img\"><a href=\"https:\/\/www.spacemakers.pt\/fr\/decoration-de-bureau\/\" tabindex=\"-1\"><img decoding=\"async\" width=\"802\" height=\"534\" src=\"https:\/\/www.spacemakers.pt\/wp-content\/uploads\/2024\/02\/Frame-5.png\" class=\"elementor-animation-grow attachment-full size-full wp-image-4631\" alt=\"\" srcset=\"https:\/\/www.spacemakers.pt\/wp-content\/uploads\/2024\/02\/Frame-5.png 802w, https:\/\/www.spacemakers.pt\/wp-content\/uploads\/2024\/02\/Frame-5-300x200.png 300w, https:\/\/www.spacemakers.pt\/wp-content\/uploads\/2024\/02\/Frame-5-768x511.png 768w, https:\/\/www.spacemakers.pt\/wp-content\/uploads\/2024\/02\/Frame-5-18x12.png 18w\" sizes=\"(max-width: 802px) 100vw, 802px\" \/><\/a><\/figure><div class=\"elementor-image-box-content\"><h3 class=\"elementor-image-box-title\"><a href=\"https:\/\/www.spacemakers.pt\/fr\/decoration-de-bureau\/\">Bureaux<\/a><\/h3><p class=\"elementor-image-box-description\">La multiplicit\u00e9 des situations dans lesquelles l'am\u00e9nagement int\u00e9rieur des espaces commerciaux est n\u00e9cessaire est aussi grande que notre exp\u00e9rience.<br><br>Dans le domaine commercial, nous incluons la d\u00e9coration de bureaux, la d\u00e9coration de magasins et la d\u00e9coration int\u00e9rieure de restaurants. Il ne s'agit l\u00e0 que de quelques exemples qui n'\u00e9puisent pas les diff\u00e9rentes typologies possibles ni l'esprit des marques qui les d\u00e9limitent.<\/p><\/div><\/div>\t\t\t\t<\/div>\n\t\t\t\t<\/div>\n\t\t\t\t<\/div>\n\t\t\t\t<\/div>\n\t\t<div data-particle_enable=\"false\" data-particle-mobile-disabled=\"false\" class=\"elementor-element elementor-element-345c726 e-con-full e-flex e-con e-child\" data-id=\"345c726\" data-element_type=\"container\">\n\t\t<div data-particle_enable=\"false\" data-particle-mobile-disabled=\"false\" class=\"elementor-element elementor-element-5b1c36b e-con-full e-flex e-con e-child\" data-id=\"5b1c36b\" data-element_type=\"container\">\n\t\t\t\t<div class=\"elementor-element elementor-element-c3fd055 elementor-position-top elementor-widget elementor-widget-image-box\" data-id=\"c3fd055\" data-element_type=\"widget\" data-widget_type=\"image-box.default\">\n\t\t\t\t<div class=\"elementor-widget-container\">\n\t\t\t\t\t<div class=\"elementor-image-box-wrapper\"><figure class=\"elementor-image-box-img\"><a href=\"https:\/\/www.spacemakers.pt\/fr\/decoration-de-bureau\/\" tabindex=\"-1\"><img decoding=\"async\" width=\"802\" height=\"534\" src=\"https:\/\/www.spacemakers.pt\/wp-content\/uploads\/2024\/02\/Frame-6.png\" class=\"elementor-animation-grow attachment-full size-full wp-image-4632\" alt=\"\" srcset=\"https:\/\/www.spacemakers.pt\/wp-content\/uploads\/2024\/02\/Frame-6.png 802w, https:\/\/www.spacemakers.pt\/wp-content\/uploads\/2024\/02\/Frame-6-300x200.png 300w, https:\/\/www.spacemakers.pt\/wp-content\/uploads\/2024\/02\/Frame-6-768x511.png 768w, https:\/\/www.spacemakers.pt\/wp-content\/uploads\/2024\/02\/Frame-6-18x12.png 18w\" sizes=\"(max-width: 802px) 100vw, 802px\" \/><\/a><\/figure><div class=\"elementor-image-box-content\"><h3 class=\"elementor-image-box-title\"><a href=\"https:\/\/www.spacemakers.pt\/fr\/decoration-de-bureau\/\">Commercial<\/a><\/h3><p class=\"elementor-image-box-description\">La multiplicit\u00e9 des situations dans lesquelles l'am\u00e9nagement int\u00e9rieur des espaces commerciaux est n\u00e9cessaire est aussi grande que notre exp\u00e9rience.<br><br>Dans le domaine commercial, nous incluons la d\u00e9coration de magasins, de restaurants et de toutes sortes d'espaces commerciaux. Il ne s'agit que de quelques exemples qui n'\u00e9puisent pas les diff\u00e9rentes typologies possibles ni l'esprit des marques qui les d\u00e9limitent.<\/p><\/div><\/div>\t\t\t\t<\/div>\n\t\t\t\t<\/div>\n\t\t\t\t<\/div>\n\t\t<div data-particle_enable=\"false\" data-particle-mobile-disabled=\"false\" class=\"elementor-element elementor-element-8af53b0 e-con-full e-flex e-con e-child\" data-id=\"8af53b0\" data-element_type=\"container\">\n\t\t\t\t<div class=\"elementor-element elementor-element-d42f39b elementor-position-top elementor-widget elementor-widget-image-box\" data-id=\"d42f39b\" data-element_type=\"widget\" data-widget_type=\"image-box.default\">\n\t\t\t\t<div class=\"elementor-widget-container\">\n\t\t\t\t\t<div class=\"elementor-image-box-wrapper\"><figure class=\"elementor-image-box-img\"><a href=\"https:\/\/www.spacemakers.pt\/fr\/decoration-interieure\/\" tabindex=\"-1\"><img loading=\"lazy\" decoding=\"async\" width=\"768\" height=\"512\" src=\"https:\/\/www.spacemakers.pt\/wp-content\/uploads\/2023\/10\/LSC9407-1024x682-1-768x512.jpeg\" class=\"elementor-animation-grow attachment-medium_large size-medium_large wp-image-1861\" alt=\"Les d\u00e9tails de la conception et de la d\u00e9coration d&#039;une pi\u00e8ce.\" srcset=\"https:\/\/www.spacemakers.pt\/wp-content\/uploads\/2023\/10\/LSC9407-1024x682-1-768x512.jpeg 768w, https:\/\/www.spacemakers.pt\/wp-content\/uploads\/2023\/10\/LSC9407-1024x682-1-300x200.jpeg 300w, https:\/\/www.spacemakers.pt\/wp-content\/uploads\/2023\/10\/LSC9407-1024x682-1.jpeg 1024w\" sizes=\"(max-width: 768px) 100vw, 768px\" \/><\/a><\/figure><div class=\"elementor-image-box-content\"><h3 class=\"elementor-image-box-title\"><a href=\"https:\/\/www.spacemakers.pt\/fr\/decoration-interieure\/\">R\u00e9sidentiel<\/a><\/h3><p class=\"elementor-image-box-description\">Dans cette cat\u00e9gorie, nous nous concentrons sur l'objectif principal de ces lieux : le confort pour la vie quotidienne. Dans ce cas, lorsque nous parlons d'am\u00e9nagement int\u00e9rieur, nous pouvons int\u00e9grer \u00e0 la fois des appartements urbains et des maisons de plage ou de campagne pour les week-ends ou les vacances.<br><br>En outre, nous incluons \u00e9galement la d\u00e9coration et l'am\u00e9nagement de jardins dans la zone r\u00e9sidentielle, car ces espaces animent si souvent nos maisons.<\/p><\/div><\/div>\t\t\t\t<\/div>\n\t\t\t\t<\/div>\n\t\t\t\t<\/div>\n\t\t\t\t<\/div>\n\t\t\t\t<\/div>\n\t\t\t\t\t<\/div>\n\t\t\t\t<\/div>\n\t\t\t\t<\/div>","protected":false},"excerpt":{"rendered":"<p>L'architecture d'int\u00e9rieur L'architecture d'int\u00e9rieur est un savoir-faire et un art o\u00f9 la dimension esth\u00e9tique est aussi importante que la fonctionnalit\u00e9. De plus, la libert\u00e9 absolue ne m\u00e8ne qu'\u00e0 l'inconnu, c'est pourquoi notre cr\u00e9ativit\u00e9 et notre savoir-faire seront d'autant plus efficaces si nous r\u00e9alisons [...]<\/p>","protected":false},"author":1,"featured_media":0,"parent":0,"menu_order":0,"comment_status":"closed","ping_status":"closed","template":"elementor_header_footer","meta":{"footnotes":""},"class_list":["post-1562","page","type-page","status-publish","hentry"],"_links":{"self":[{"href":"https:\/\/www.spacemakers.pt\/fr\/wp-json\/wp\/v2\/pages\/1562","targetHints":{"allow":["GET"]}}],"collection":[{"href":"https:\/\/www.spacemakers.pt\/fr\/wp-json\/wp\/v2\/pages"}],"about":[{"href":"https:\/\/www.spacemakers.pt\/fr\/wp-json\/wp\/v2\/types\/page"}],"author":[{"embeddable":true,"href":"https:\/\/www.spacemakers.pt\/fr\/wp-json\/wp\/v2\/users\/1"}],"replies":[{"embeddable":true,"href":"https:\/\/www.spacemakers.pt\/fr\/wp-json\/wp\/v2\/comments?post=1562"}],"version-history":[{"count":5,"href":"https:\/\/www.spacemakers.pt\/fr\/wp-json\/wp\/v2\/pages\/1562\/revisions"}],"predecessor-version":[{"id":4893,"href":"https:\/\/www.spacemakers.pt\/fr\/wp-json\/wp\/v2\/pages\/1562\/revisions\/4893"}],"wp:attachment":[{"href":"https:\/\/www.spacemakers.pt\/fr\/wp-json\/wp\/v2\/media?parent=1562"}],"curies":[{"name":"wp","href":"https:\/\/api.w.org\/{rel}","templated":true}]}}